{"id":978,"date":"2019-01-23T15:27:23","date_gmt":"2019-01-23T13:27:23","guid":{"rendered":"https:\/\/puhkusnuustakul.ee\/kontakt\/"},"modified":"2022-12-16T11:26:03","modified_gmt":"2022-12-16T09:26:03","slug":"%d0%ba%d0%be%d0%bd%d1%82%d0%b0%d0%ba%d1%82","status":"publish","type":"page","link":"https:\/\/puhkusnuustakul.ee\/ru\/%d0%ba%d0%be%d0%bd%d1%82%d0%b0%d0%ba%d1%82\/","title":{"rendered":"\u041a\u043e\u043d\u0442\u0430\u043a\u0442"},"content":{"rendered":"<div class=\"wpb-content-wrapper\"><p>[vc_row full_width=&#187;stretch_row&#187; css=&#187;.vc_custom_1670319495111{margin-bottom: 70px !important;background-image: url(https:\/\/puhkusnuustakul.ee\/wp-content\/uploads\/2022\/11\/NZ7_9812_104614.jpg?id=767) !important;background-position: center !important;background-repeat: no-repeat !important;background-size: cover !important;}&#187;][vc_column css=&#187;.vc_custom_1668601995579{padding-top: 10vh !important;padding-bottom: 10vh !important;}&#187;][\/vc_column][\/vc_row][vc_row css=&#187;.vc_custom_1670319538860{margin-bottom: 40px !important;}&#187;][vc_column width=&#187;1\/2&#8243; css=&#187;.vc_custom_1670319527635{margin-bottom: 30px !important;}&#187;]<div id='wrap_map_69f5e8639b1e8' class='ultimate-map-wrapper ult-adjust-bottom-margin ' style=' height:250px;'><div id='map_69f5e8639b1e8' data-map_override='0' class='ultimate_google_map wpb_content_element 0' style='width:100%;height:250px;'><\/div><\/div><script type='text\/javascript'>\n\t\t\t(function($) {\n  \t\t\t'use strict';\n\t\t\tvar map_map_69f5e8639b1e8 = null;\n\t\t\tvar coordinate_map_69f5e8639b1e8;\n\t\t\tvar isDraggable = $(document).width() > 641 ? 'true' : 'true';\n\t\t\ttry\n\t\t\t{\n\t\t\t\tvar map_map_69f5e8639b1e8 = null;\n\t\t\t\tvar coordinate_map_69f5e8639b1e8;\n\t\t\t\tcoordinate_map_69f5e8639b1e8 = new google.maps.LatLng(58.037034352824, 26.50813884134);\n\t\t\t\tvar mapOptions=\n\t\t\t\t{\n\t\t\t\t\tzoom: 13,\n\t\t\t\t\tcenter: coordinate_map_69f5e8639b1e8,\n\t\t\t\t\tscaleControl: true,\n\t\t\t\t\tstreetViewControl: false,\n\t\t\t\t\tmapTypeControl: false,\n\t\t\t\t\tpanControl: false,\n\t\t\t\t\tzoomControl: true,\n\t\t\t\t\tscrollwheel: true,\n\t\t\t\t\tdraggable: isDraggable,\n\t\t\t\t\tzoomControlOptions: {\n\t\t\t\t\t\tposition: google.maps.ControlPosition.right_bottom\n\t\t\t\t\t},mapTypeId: google.maps.MapTypeId.roadmap,};var map_map_69f5e8639b1e8 = new google.maps.Map(document.getElementById('map_69f5e8639b1e8'),mapOptions);\n\t\t\t\t\t\tvar x = 'off';\n\t\t\t\t\t\tvar marker_map_69f5e8639b1e8 = new google.maps.Marker({\n\t\t\t\t\t\tposition: new google.maps.LatLng('58.037034352824', '26.50813884134'),\n\t\t\t\t\t\tanimation:  google.maps.Animation.DROP,\n\t\t\t\t\t\tmap: map_map_69f5e8639b1e8,\n\t\t\t\t\t\ticon: ''\n\t\t\t\t\t});\tgoogle.maps.event.addListener(marker_map_69f5e8639b1e8, 'click', toggleBounce);}\n\t\t\tcatch(e){};\n\t\t\tjQuery(document).ready(function($){\n\t\t\t\tgoogle.maps.event.trigger(map_map_69f5e8639b1e8, 'resize');\n\t\t\t\t$(window).on('resize', function(){\n\t\t\t\t\tgoogle.maps.event.trigger(map_map_69f5e8639b1e8, 'resize');\n\t\t\t\t\tif(map_map_69f5e8639b1e8!=null)\n\t\t\t\t\t\tmap_map_69f5e8639b1e8.setCenter(coordinate_map_69f5e8639b1e8);\n\t\t\t\t});\n\t\t\t\t$('.ui-tabs').on('tabsactivate', function(event, ui) {\n\t\t\t\t   if($(this).find('.ultimate-map-wrapper').length > 0)\n\t\t\t\t\t{\n\t\t\t\t\t\tsetTimeout(function(){\n\t\t\t\t\t\t\t$(window).trigger('resize');\n\t\t\t\t\t\t},200);\n\t\t\t\t\t}\n\t\t\t\t});\n\t\t\t\t$('.ui-accordion').on('accordionactivate', function(event, ui) {\n\t\t\t\t   if($(this).find('.ultimate-map-wrapper').length > 0)\n\t\t\t\t\t{\n\t\t\t\t\t\tsetTimeout(function(){\n\t\t\t\t\t\t\t$(window).trigger('resize');\n\t\t\t\t\t\t},200);\n\t\t\t\t\t}\n\t\t\t\t});\n\t\t\t\t$(window).on('load',function(){\n\t\t\t\t\tsetTimeout(function(){\n\t\t\t\t\t\t$(window).trigger('resize');\n\t\t\t\t\t},200);\n\t\t\t\t});\n\t\t\t\t$('.ult_exp_section').on('select', function(){\n\t\t\t\t\tif($(map_map_69f5e8639b1e8).parents('.ult_exp_section'))\n\t\t\t\t\t{\n\t\t\t\t\t\tsetTimeout(function(){\n\t\t\t\t\t\t\t$(window).trigger('resize');\n\t\t\t\t\t\t},200);\n\t\t\t\t\t}\n\t\t\t\t});\n\t\t\t\t$(document).on('onUVCModalPopupOpen', function(){\n\t\t\t\t\tif($(map_map_69f5e8639b1e8).parents('.ult_modal-content'))\n\t\t\t\t\t{\n\t\t\t\t\t\tsetTimeout(function(){\n\t\t\t\t\t\t\t$(window).trigger('resize');\n\t\t\t\t\t\t},200);\n\t\t\t\t\t}\n\t\t\t\t});\n\t\t\t\t$(document).on('click','.ult_tab_li',function(){\n\t\t\t\t\t$(window).trigger('resize');\n\t\t\t\t\tsetTimeout(function(){\n\t\t\t\t\t\t$(window).trigger('resize');\n\t\t\t\t\t},200);\n\t\t\t\t});\n\t\t\t});\n\t\t\tfunction toggleBounce() {\n\t\t\t  if (marker_map_69f5e8639b1e8.getAnimation() != null) {\n\t\t\t\tmarker_map_69f5e8639b1e8.setAnimation(null);\n\t\t\t  } else {\n\t\t\t\tmarker_map_69f5e8639b1e8.setAnimation(google.maps.Animation.BOUNCE);\n\t\t\t  }\n\t\t\t}\n\t\t\t})(jQuery);\n\t\t\t<\/script><div class=\"aio-icon-component  vc_custom_1671122126908  accent-icon-color style_1\"><div id=\"Info-box-wrap-4894\" class=\"aio-icon-box default-icon\" style=\"\"  ><div class=\"aio-icon-default\"><div class=\"ult-just-icon-wrapper  \"><div class=\"align-icon\" style=\"text-align:center;\">\n<div class=\"aio-icon none \"  style=\"color:#333;font-size:20px;display:inline-block;\">\n\t<i class=\"fas fa-map-signs\"><\/i>\n<\/div><\/div><\/div><\/div><div class=\"aio-icon-header\" ><h3 class=\"aio-icon-title ult-responsive\"  data-ultimate-target='#Info-box-wrap-4894 .aio-icon-title'  data-responsive-json-new='{\"font-size\":\"\",\"line-height\":\"\"}'  style=\"\">\u041c\u0435\u0441\u0442\u043e - Valga maakond, Otep\u00e4\u00e4, N\u00fcpli k\u00fcla<\/h3><\/div> <!-- header --><div class=\"aio-icon-description ult-responsive\"  data-ultimate-target='#Info-box-wrap-4894 .aio-icon-description'  data-responsive-json-new='{\"font-size\":\"\",\"line-height\":\"\"}'  style=\"color:#222222;\"><\/p>\n<p style=\"text-align: center;\"><a href=\"https:\/\/plus.codes\/9GC82GP5+R7\" target=\"_blank\" rel=\"noopener\"><strong>2GP5+R7 N\u00fcpli, Valga County<\/strong><\/a><\/p>\n<p><\/div> <!-- description --><\/div> <!-- aio-icon-box --><\/div> <!-- aio-icon-component -->[vc_column_text]\u041d\u0430\u0448\u0438 \u0434\u043e\u043c\u0430 \u043e\u0442\u0434\u044b\u0445\u0430 \u0440\u0430\u0441\u043f\u043e\u043b\u043e\u0436\u0435\u043d\u044b \u0432 \u043e\u0434\u043d\u043e\u043c \u0438\u0437 \u0441\u0430\u043c\u044b\u0445 \u043a\u0440\u0430\u0441\u0438\u0432\u044b\u0445 \u043c\u0435\u0441\u0442 \u042d\u0441\u0442\u043e\u043d\u0438\u0438, \u043d\u0430 \u0441\u043a\u043b\u043e\u043d\u0435 \u0412\u044f\u0439\u043a\u0435-\u041c\u0443\u043d\u0430\u043c\u044f\u044d \u043d\u0430\u043f\u0440\u043e\u0442\u0438\u0432 \u043e\u0437\u0435\u0440\u0430 \u041d\u044e\u043f\u043b\u0438. \u0412\u044b \u0434\u043e\u043b\u0436\u043d\u044b \u0435\u0445\u0430\u0442\u044c \u043f\u043e \u0412\u0430\u043b\u0433\u0430\u0441\u043a\u043e\u043c\u0443 \u0448\u043e\u0441\u0441\u0435 2 \u043a\u043c \u043e\u0442 \u041e\u0442\u0435\u043f\u044f.[\/vc_column_text][\/vc_column][vc_column width=&#187;1\/2&#8243; css=&#187;.vc_custom_1670319524519{margin-bottom: 30px !important;}&#187;]\n<div class=\"wpcf7 no-js\" id=\"wpcf7-f1059-o1\" lang=\"ru-RU\" dir=\"ltr\" data-wpcf7-id=\"1059\">\n<div class=\"screen-reader-response\"><p role=\"status\" aria-live=\"polite\" aria-atomic=\"true\"><\/p> <ul><\/ul><\/div>\n<form action=\"\/ru\/wp-json\/wp\/v2\/pages\/978#wpcf7-f1059-o1\" method=\"post\" class=\"wpcf7-form init\" aria-label=\"\u041a\u043e\u043d\u0442\u0430\u043a\u0442\u043d\u0430\u044f \u0444\u043e\u0440\u043c\u0430\" novalidate=\"novalidate\" data-status=\"init\">\n<fieldset class=\"hidden-fields-container\"><input type=\"hidden\" name=\"_wpcf7\" value=\"1059\" \/><input type=\"hidden\" name=\"_wpcf7_version\" value=\"6.1.5\" \/><input type=\"hidden\" name=\"_wpcf7_locale\" value=\"ru_RU\" \/><input type=\"hidden\" name=\"_wpcf7_unit_tag\" value=\"wpcf7-f1059-o1\" \/><input type=\"hidden\" name=\"_wpcf7_container_post\" value=\"0\" \/><input type=\"hidden\" name=\"_wpcf7_posted_data_hash\" value=\"\" \/><input type=\"hidden\" name=\"_wpcf7_recaptcha_response\" value=\"\" \/>\n<\/fieldset>\n<p><label><span class=\"wpcf7-form-control-wrap\" data-name=\"client-name\"><input size=\"40\" maxlength=\"400\" class=\"wpcf7-form-control wpcf7-text wpcf7-validates-as-required\" aria-required=\"true\" aria-invalid=\"false\" placeholder=\"\u0418\u043c\u044f\" value=\"\" type=\"text\" name=\"client-name\" \/><\/span><\/label><br \/>\n<label><span class=\"wpcf7-form-control-wrap\" data-name=\"client-email\"><input size=\"40\" maxlength=\"400\" class=\"wpcf7-form-control wpcf7-email wpcf7-validates-as-required wpcf7-text wpcf7-validates-as-email\" aria-required=\"true\" aria-invalid=\"false\" placeholder=\"\u042d\u043b\u0435\u043a\u0442\u0440\u043e\u043d\u043d\u044b\u0439 \u0430\u0434\u0440\u0435\u0441\" value=\"\" type=\"email\" name=\"client-email\" \/><\/span><\/label><br \/>\n\t<lable><span class=\"wpcf7-form-control-wrap\" data-name=\"client-phone\"><input size=\"40\" maxlength=\"400\" class=\"wpcf7-form-control wpcf7-tel wpcf7-text wpcf7-validates-as-tel\" aria-invalid=\"false\" placeholder=\"T\u0435\u043b\u0435\u0444\u043e\u043d\" value=\"\" type=\"tel\" name=\"client-phone\" \/><\/span>\n<label><span class=\"wpcf7-form-control-wrap\" data-name=\"client-message\"><textarea cols=\"40\" rows=\"7\" maxlength=\"2000\" class=\"wpcf7-form-control wpcf7-textarea wpcf7-validates-as-required\" aria-required=\"true\" aria-invalid=\"false\" placeholder=\"\u041e\u0442\u0437\u044b\u0432\/\u0432\u043e\u043f\u0440\u043e\u0441\" name=\"client-message\"><\/textarea><\/span><\/label>\n<input class=\"wpcf7-form-control wpcf7-submit has-spinner\" type=\"submit\" value=\"\u041e\u0442\u043f\u0440\u0430\u0432\u043b\u044f\u0442\u044c\" \/>\n\t<\/lable>\n<\/p><div class=\"wpcf7-response-output\" aria-hidden=\"true\"><\/div>\n<\/form>\n<\/div>\n[\/vc_column][\/vc_row][vc_row full_width=&#187;stretch_row&#187; css=&#187;.vc_custom_1670319543782{margin-bottom: 70px !important;padding-top: 30px !important;padding-bottom: 30px !important;background-color: #75b325 !important;}&#187;][vc_column]<div id=\"ultimate-heading-268769f5e8639c597\" class=\"uvc-heading ult-adjust-bottom-margin ultimate-heading-268769f5e8639c597 uvc-2851 \" data-hspacer=\"no_spacer\"  data-halign=\"center\" style=\"text-align:center\"><div class=\"uvc-heading-spacer no_spacer\" style=\"top\"><\/div><div class=\"uvc-main-heading ult-responsive\"  data-ultimate-target='.uvc-heading.ultimate-heading-268769f5e8639c597 h2'  data-responsive-json-new='{\"font-size\":\"desktop:34px;\",\"line-height\":\"desktop:44px;\"}' ><h2 style=\"--font-weight:theme;color:#ffffff;\">O\u00dc Puhkus Nuustakul<\/h2><\/div><\/div>[\/vc_column][\/vc_row][vc_row css=&#187;.vc_custom_1670319511752{margin-bottom: 60px !important;}&#187;][vc_column width=&#187;1\/3&#8243; css=&#187;.vc_custom_1668679868335{margin-bottom: 30px !important;}&#187;]<div class=\"aio-icon-component  vc_custom_1671122164038   style_1\"><div id=\"Info-box-wrap-3816\" class=\"aio-icon-box top-icon\" style=\"\"  ><div class=\"aio-icon-top\"><div class=\"ult-just-icon-wrapper  \"><div class=\"align-icon\" style=\"text-align:center;\">\n<div class=\"aio-icon none \"  style=\"color:#333;font-size:42px;display:inline-block;\">\n\t<i class=\"icomoon-the7-font-the7-phone-06\"><\/i>\n<\/div><\/div><\/div><\/div><div class=\"aio-icon-header\" ><h3 class=\"aio-icon-title ult-responsive\"  data-ultimate-target='#Info-box-wrap-3816 .aio-icon-title'  data-responsive-json-new='{\"font-size\":\"\",\"line-height\":\"\"}'  style=\"\">\u041f\u043e\u0437\u0432\u043e\u043d\u0438\u0442\u0435 \u043d\u0430\u043c<\/h3><\/div> <!-- header --><div class=\"aio-icon-description ult-responsive\"  data-ultimate-target='#Info-box-wrap-3816 .aio-icon-description'  data-responsive-json-new='{\"font-size\":\"\",\"line-height\":\"\"}'  style=\"color:#222222;\"><a href=\"tel:+3725098584\">+372 509 8584<\/a><\/div> <!-- description --><\/div> <!-- aio-icon-box --><\/div> <!-- aio-icon-component -->[\/vc_column][vc_column width=&#187;1\/3&#8243; css=&#187;.vc_custom_1668681408988{margin-bottom: 30px !important;}&#187;]<div class=\"aio-icon-component  vc_custom_1671122174637   style_1\"><div id=\"Info-box-wrap-3322\" class=\"aio-icon-box top-icon\" style=\"\"  ><div class=\"aio-icon-top\"><div class=\"ult-just-icon-wrapper  \"><div class=\"align-icon\" style=\"text-align:center;\">\n<div class=\"aio-icon none \"  style=\"color:#333;font-size:42px;display:inline-block;\">\n\t<i class=\"icomoon-the7-font-the7-mail-07\"><\/i>\n<\/div><\/div><\/div><\/div><div class=\"aio-icon-header\" ><h3 class=\"aio-icon-title ult-responsive\"  data-ultimate-target='#Info-box-wrap-3322 .aio-icon-title'  data-responsive-json-new='{\"font-size\":\"\",\"line-height\":\"\"}'  style=\"\">\u041e\u0442\u043f\u0440\u0430\u0432\u0438\u0442\u044c \u043f\u0438\u0441\u044c\u043c\u043e<\/h3><\/div> <!-- header --><div class=\"aio-icon-description ult-responsive\"  data-ultimate-target='#Info-box-wrap-3322 .aio-icon-description'  data-responsive-json-new='{\"font-size\":\"\",\"line-height\":\"\"}'  style=\"color:#222222;\"><a href=\"mailto:info@puhkusnuustakul.ee\">info@puhkusnuustakul.ee<\/a><\/div> <!-- description --><\/div> <!-- aio-icon-box --><\/div> <!-- aio-icon-component -->[\/vc_column][vc_column width=&#187;1\/3&#8243; css=&#187;.vc_custom_1670319506925{margin-bottom: 30px !important;}&#187;][vc_column_text]<\/p>\n<p style=\"text-align: center;\"><strong>\u0420\u0435\u0433. \u043a\u043e\u0434<\/strong>: 11118443<\/p>\n<p style=\"text-align: center;\"><strong>IBAN<\/strong>: EE241010220043911010<\/p>\n<p style=\"text-align: center;\"><strong>\u0411\u0430\u043d\u043a<\/strong>: SEB Eesti \u00dchispank<\/p>\n<p style=\"text-align: center;\"><strong>BIC (S.W.I.F.T.)<\/strong>: EEUHEE2X<\/p>\n<p>[\/vc_column_text][\/vc_column][\/vc_row]<\/p>\n<\/div>","protected":false},"excerpt":{"rendered":"<p>[vc_row full_width=&#187;stretch_row&#187; css=&#187;.vc_custom_1670319495111{margin-bottom: 70px !important;background-image: url(https:\/\/puhkusnuustakul.ee\/wp-content\/uploads\/2022\/11\/NZ7_9812_104614.jpg?id=767) !important;background-position: center !important;background-repeat: no-repeat !important;background-size: cover !important;}&#187;][vc_column css=&#187;.vc_custom_1668601995579{padding-top: 10vh !important;padding-bottom: 10vh !important;}&#187;][\/vc_column][\/vc_row][vc_row css=&#187;.vc_custom_1670319538860{margin-bottom: 40px !important;}&#187;][vc_column width=&#187;1\/2&#8243; css=&#187;.vc_custom_1670319527635{margin-bottom: 30px !important;}&#187;][vc_column_text]\u041d\u0430\u0448\u0438 \u0434\u043e\u043c\u0430 \u043e\u0442\u0434\u044b\u0445\u0430 \u0440\u0430\u0441\u043f\u043e\u043b\u043e\u0436\u0435\u043d\u044b \u0432 \u043e\u0434\u043d\u043e\u043c \u0438\u0437 \u0441\u0430\u043c\u044b\u0445 \u043a\u0440\u0430\u0441\u0438\u0432\u044b\u0445 \u043c\u0435\u0441\u0442 \u042d\u0441\u0442\u043e\u043d\u0438\u0438, \u043d\u0430 \u0441\u043a\u043b\u043e\u043d\u0435 \u0412\u044f\u0439\u043a\u0435-\u041c\u0443\u043d\u0430\u043c\u044f\u044d \u043d\u0430\u043f\u0440\u043e\u0442\u0438\u0432 \u043e\u0437\u0435\u0440\u0430 \u041d\u044e\u043f\u043b\u0438. \u0412\u044b \u0434\u043e\u043b\u0436\u043d\u044b \u0435\u0445\u0430\u0442\u044c \u043f\u043e \u0412\u0430\u043b\u0433\u0430\u0441\u043a\u043e\u043c\u0443 \u0448\u043e\u0441\u0441\u0435 2 \u043a\u043c \u043e\u0442 \u041e\u0442\u0435\u043f\u044f.[\/vc_column_text][\/vc_column][vc_column width=&#187;1\/2&#8243; css=&#187;.vc_custom_1670319524519{margin-bottom: 30px !important;}&#187;][\/vc_column][\/vc_row][vc_row&hellip;<\/p>\n","protected":false},"author":1,"featured_media":0,"parent":0,"menu_order":20,"comment_status":"closed","ping_status":"closed","template":"","meta":{"footnotes":""},"class_list":["post-978","page","type-page","status-publish","hentry","description-off"],"yoast_head":"<!-- This site is optimized with the Yoast SEO plugin v27.4 - https:\/\/yoast.com\/product\/yoast-seo-wordpress\/ -->\n<title>\u041a\u043e\u043d\u0442\u0430\u043a\u0442 - Nuustaku Puhkemajad<\/title>\n<meta name=\"robots\" content=\"index, follow, max-snippet:-1, max-image-preview:large, max-video-preview:-1\" \/>\n<link rel=\"canonical\" href=\"https:\/\/puhkusnuustakul.ee\/ru\/\u043a\u043e\u043d\u0442\u0430\u043a\u0442\/\" \/>\n<meta property=\"og:locale\" content=\"ru_RU\" \/>\n<meta property=\"og:type\" content=\"article\" \/>\n<meta property=\"og:title\" content=\"\u041a\u043e\u043d\u0442\u0430\u043a\u0442 - Nuustaku Puhkemajad\" \/>\n<meta property=\"og:description\" content=\"[vc_row full_width=&#187;stretch_row&#187; css=&#187;.vc_custom_1670319495111{margin-bottom: 70px !important;background-image: url(https:\/\/puhkusnuustakul.ee\/wp-content\/uploads\/2022\/11\/NZ7_9812_104614.jpg?id=767) !important;background-position: center !important;background-repeat: no-repeat !important;background-size: cover !important;}&#187;][vc_column css=&#187;.vc_custom_1668601995579{padding-top: 10vh !important;padding-bottom: 10vh !important;}&#187;][\/vc_column][\/vc_row][vc_row css=&#187;.vc_custom_1670319538860{margin-bottom: 40px !important;}&#187;][vc_column width=&#187;1\/2&#8243; css=&#187;.vc_custom_1670319527635{margin-bottom: 30px !important;}&#187;][vc_column_text]\u041d\u0430\u0448\u0438 \u0434\u043e\u043c\u0430 \u043e\u0442\u0434\u044b\u0445\u0430 \u0440\u0430\u0441\u043f\u043e\u043b\u043e\u0436\u0435\u043d\u044b \u0432 \u043e\u0434\u043d\u043e\u043c \u0438\u0437 \u0441\u0430\u043c\u044b\u0445 \u043a\u0440\u0430\u0441\u0438\u0432\u044b\u0445 \u043c\u0435\u0441\u0442 \u042d\u0441\u0442\u043e\u043d\u0438\u0438, \u043d\u0430 \u0441\u043a\u043b\u043e\u043d\u0435 \u0412\u044f\u0439\u043a\u0435-\u041c\u0443\u043d\u0430\u043c\u044f\u044d \u043d\u0430\u043f\u0440\u043e\u0442\u0438\u0432 \u043e\u0437\u0435\u0440\u0430 \u041d\u044e\u043f\u043b\u0438. \u0412\u044b \u0434\u043e\u043b\u0436\u043d\u044b \u0435\u0445\u0430\u0442\u044c \u043f\u043e \u0412\u0430\u043b\u0433\u0430\u0441\u043a\u043e\u043c\u0443 \u0448\u043e\u0441\u0441\u0435 2 \u043a\u043c \u043e\u0442 \u041e\u0442\u0435\u043f\u044f.[\/vc_column_text][\/vc_column][vc_column width=&#187;1\/2&#8243; css=&#187;.vc_custom_1670319524519{margin-bottom: 30px !important;}&#187;][\/vc_column][\/vc_row][vc_row&hellip;\" \/>\n<meta property=\"og:url\" content=\"https:\/\/puhkusnuustakul.ee\/ru\/\u043a\u043e\u043d\u0442\u0430\u043a\u0442\/\" \/>\n<meta property=\"og:site_name\" content=\"Nuustaku Puhkemajad\" \/>\n<meta property=\"article:modified_time\" content=\"2022-12-16T09:26:03+00:00\" \/>\n<meta property=\"og:image\" content=\"https:\/\/puhkusnuustakul.ee\/wp-content\/uploads\/2022\/11\/NZ7_9640.jpg\" \/>\n\t<meta property=\"og:image:width\" content=\"1732\" \/>\n\t<meta property=\"og:image:height\" content=\"1154\" \/>\n\t<meta property=\"og:image:type\" content=\"image\/jpeg\" \/>\n<meta name=\"twitter:card\" content=\"summary_large_image\" \/>\n<meta name=\"twitter:label1\" content=\"\u041f\u0440\u0438\u043c\u0435\u0440\u043d\u043e\u0435 \u0432\u0440\u0435\u043c\u044f \u0434\u043b\u044f \u0447\u0442\u0435\u043d\u0438\u044f\" \/>\n\t<meta name=\"twitter:data1\" content=\"2 \u043c\u0438\u043d\u0443\u0442\u044b\" \/>\n<script type=\"application\/ld+json\" class=\"yoast-schema-graph\">{\"@context\":\"https:\\\/\\\/schema.org\",\"@graph\":[{\"@type\":\"WebPage\",\"@id\":\"https:\\\/\\\/puhkusnuustakul.ee\\\/ru\\\/%d0%ba%d0%be%d0%bd%d1%82%d0%b0%d0%ba%d1%82\\\/\",\"url\":\"https:\\\/\\\/puhkusnuustakul.ee\\\/ru\\\/%d0%ba%d0%be%d0%bd%d1%82%d0%b0%d0%ba%d1%82\\\/\",\"name\":\"\u041a\u043e\u043d\u0442\u0430\u043a\u0442 - Nuustaku Puhkemajad\",\"isPartOf\":{\"@id\":\"https:\\\/\\\/puhkusnuustakul.ee\\\/#website\"},\"datePublished\":\"2019-01-23T13:27:23+00:00\",\"dateModified\":\"2022-12-16T09:26:03+00:00\",\"breadcrumb\":{\"@id\":\"https:\\\/\\\/puhkusnuustakul.ee\\\/ru\\\/%d0%ba%d0%be%d0%bd%d1%82%d0%b0%d0%ba%d1%82\\\/#breadcrumb\"},\"inLanguage\":\"ru-RU\",\"potentialAction\":[{\"@type\":\"ReadAction\",\"target\":[\"https:\\\/\\\/puhkusnuustakul.ee\\\/ru\\\/%d0%ba%d0%be%d0%bd%d1%82%d0%b0%d0%ba%d1%82\\\/\"]}]},{\"@type\":\"BreadcrumbList\",\"@id\":\"https:\\\/\\\/puhkusnuustakul.ee\\\/ru\\\/%d0%ba%d0%be%d0%bd%d1%82%d0%b0%d0%ba%d1%82\\\/#breadcrumb\",\"itemListElement\":[{\"@type\":\"ListItem\",\"position\":1,\"name\":\"Home\",\"item\":\"https:\\\/\\\/puhkusnuustakul.ee\\\/ru\\\/\"},{\"@type\":\"ListItem\",\"position\":2,\"name\":\"\u041a\u043e\u043d\u0442\u0430\u043a\u0442\"}]},{\"@type\":\"WebSite\",\"@id\":\"https:\\\/\\\/puhkusnuustakul.ee\\\/#website\",\"url\":\"https:\\\/\\\/puhkusnuustakul.ee\\\/\",\"name\":\"Nuustaku Puhkemajad\",\"description\":\"\",\"publisher\":{\"@id\":\"https:\\\/\\\/puhkusnuustakul.ee\\\/#organization\"},\"potentialAction\":[{\"@type\":\"SearchAction\",\"target\":{\"@type\":\"EntryPoint\",\"urlTemplate\":\"https:\\\/\\\/puhkusnuustakul.ee\\\/?s={search_term_string}\"},\"query-input\":{\"@type\":\"PropertyValueSpecification\",\"valueRequired\":true,\"valueName\":\"search_term_string\"}}],\"inLanguage\":\"ru-RU\"},{\"@type\":\"Organization\",\"@id\":\"https:\\\/\\\/puhkusnuustakul.ee\\\/#organization\",\"name\":\"Nuustaku Puhkemajad\",\"url\":\"https:\\\/\\\/puhkusnuustakul.ee\\\/\",\"logo\":{\"@type\":\"ImageObject\",\"inLanguage\":\"ru-RU\",\"@id\":\"https:\\\/\\\/puhkusnuustakul.ee\\\/#\\\/schema\\\/logo\\\/image\\\/\",\"url\":\"https:\\\/\\\/puhkusnuustakul.ee\\\/wp-content\\\/uploads\\\/2022\\\/11\\\/np-logo.svg\",\"contentUrl\":\"https:\\\/\\\/puhkusnuustakul.ee\\\/wp-content\\\/uploads\\\/2022\\\/11\\\/np-logo.svg\",\"width\":1,\"height\":1,\"caption\":\"Nuustaku Puhkemajad\"},\"image\":{\"@id\":\"https:\\\/\\\/puhkusnuustakul.ee\\\/#\\\/schema\\\/logo\\\/image\\\/\"}}]}<\/script>\n<!-- \/ Yoast SEO plugin. -->","yoast_head_json":{"title":"\u041a\u043e\u043d\u0442\u0430\u043a\u0442 - Nuustaku Puhkemajad","robots":{"index":"index","follow":"follow","max-snippet":"max-snippet:-1","max-image-preview":"max-image-preview:large","max-video-preview":"max-video-preview:-1"},"canonical":"https:\/\/puhkusnuustakul.ee\/ru\/\u043a\u043e\u043d\u0442\u0430\u043a\u0442\/","og_locale":"ru_RU","og_type":"article","og_title":"\u041a\u043e\u043d\u0442\u0430\u043a\u0442 - Nuustaku Puhkemajad","og_description":"[vc_row full_width=&#187;stretch_row&#187; css=&#187;.vc_custom_1670319495111{margin-bottom: 70px !important;background-image: url(https:\/\/puhkusnuustakul.ee\/wp-content\/uploads\/2022\/11\/NZ7_9812_104614.jpg?id=767) !important;background-position: center !important;background-repeat: no-repeat !important;background-size: cover !important;}&#187;][vc_column css=&#187;.vc_custom_1668601995579{padding-top: 10vh !important;padding-bottom: 10vh !important;}&#187;][\/vc_column][\/vc_row][vc_row css=&#187;.vc_custom_1670319538860{margin-bottom: 40px !important;}&#187;][vc_column width=&#187;1\/2&#8243; css=&#187;.vc_custom_1670319527635{margin-bottom: 30px !important;}&#187;][vc_column_text]\u041d\u0430\u0448\u0438 \u0434\u043e\u043c\u0430 \u043e\u0442\u0434\u044b\u0445\u0430 \u0440\u0430\u0441\u043f\u043e\u043b\u043e\u0436\u0435\u043d\u044b \u0432 \u043e\u0434\u043d\u043e\u043c \u0438\u0437 \u0441\u0430\u043c\u044b\u0445 \u043a\u0440\u0430\u0441\u0438\u0432\u044b\u0445 \u043c\u0435\u0441\u0442 \u042d\u0441\u0442\u043e\u043d\u0438\u0438, \u043d\u0430 \u0441\u043a\u043b\u043e\u043d\u0435 \u0412\u044f\u0439\u043a\u0435-\u041c\u0443\u043d\u0430\u043c\u044f\u044d \u043d\u0430\u043f\u0440\u043e\u0442\u0438\u0432 \u043e\u0437\u0435\u0440\u0430 \u041d\u044e\u043f\u043b\u0438. \u0412\u044b \u0434\u043e\u043b\u0436\u043d\u044b \u0435\u0445\u0430\u0442\u044c \u043f\u043e \u0412\u0430\u043b\u0433\u0430\u0441\u043a\u043e\u043c\u0443 \u0448\u043e\u0441\u0441\u0435 2 \u043a\u043c \u043e\u0442 \u041e\u0442\u0435\u043f\u044f.[\/vc_column_text][\/vc_column][vc_column width=&#187;1\/2&#8243; css=&#187;.vc_custom_1670319524519{margin-bottom: 30px !important;}&#187;][\/vc_column][\/vc_row][vc_row&hellip;","og_url":"https:\/\/puhkusnuustakul.ee\/ru\/\u043a\u043e\u043d\u0442\u0430\u043a\u0442\/","og_site_name":"Nuustaku Puhkemajad","article_modified_time":"2022-12-16T09:26:03+00:00","og_image":[{"width":1732,"height":1154,"url":"https:\/\/puhkusnuustakul.ee\/wp-content\/uploads\/2022\/11\/NZ7_9640.jpg","type":"image\/jpeg"}],"twitter_card":"summary_large_image","twitter_misc":{"\u041f\u0440\u0438\u043c\u0435\u0440\u043d\u043e\u0435 \u0432\u0440\u0435\u043c\u044f \u0434\u043b\u044f \u0447\u0442\u0435\u043d\u0438\u044f":"2 \u043c\u0438\u043d\u0443\u0442\u044b"},"schema":{"@context":"https:\/\/schema.org","@graph":[{"@type":"WebPage","@id":"https:\/\/puhkusnuustakul.ee\/ru\/%d0%ba%d0%be%d0%bd%d1%82%d0%b0%d0%ba%d1%82\/","url":"https:\/\/puhkusnuustakul.ee\/ru\/%d0%ba%d0%be%d0%bd%d1%82%d0%b0%d0%ba%d1%82\/","name":"\u041a\u043e\u043d\u0442\u0430\u043a\u0442 - Nuustaku Puhkemajad","isPartOf":{"@id":"https:\/\/puhkusnuustakul.ee\/#website"},"datePublished":"2019-01-23T13:27:23+00:00","dateModified":"2022-12-16T09:26:03+00:00","breadcrumb":{"@id":"https:\/\/puhkusnuustakul.ee\/ru\/%d0%ba%d0%be%d0%bd%d1%82%d0%b0%d0%ba%d1%82\/#breadcrumb"},"inLanguage":"ru-RU","potentialAction":[{"@type":"ReadAction","target":["https:\/\/puhkusnuustakul.ee\/ru\/%d0%ba%d0%be%d0%bd%d1%82%d0%b0%d0%ba%d1%82\/"]}]},{"@type":"BreadcrumbList","@id":"https:\/\/puhkusnuustakul.ee\/ru\/%d0%ba%d0%be%d0%bd%d1%82%d0%b0%d0%ba%d1%82\/#breadcrumb","itemListElement":[{"@type":"ListItem","position":1,"name":"Home","item":"https:\/\/puhkusnuustakul.ee\/ru\/"},{"@type":"ListItem","position":2,"name":"\u041a\u043e\u043d\u0442\u0430\u043a\u0442"}]},{"@type":"WebSite","@id":"https:\/\/puhkusnuustakul.ee\/#website","url":"https:\/\/puhkusnuustakul.ee\/","name":"Nuustaku Puhkemajad","description":"","publisher":{"@id":"https:\/\/puhkusnuustakul.ee\/#organization"},"potentialAction":[{"@type":"SearchAction","target":{"@type":"EntryPoint","urlTemplate":"https:\/\/puhkusnuustakul.ee\/?s={search_term_string}"},"query-input":{"@type":"PropertyValueSpecification","valueRequired":true,"valueName":"search_term_string"}}],"inLanguage":"ru-RU"},{"@type":"Organization","@id":"https:\/\/puhkusnuustakul.ee\/#organization","name":"Nuustaku Puhkemajad","url":"https:\/\/puhkusnuustakul.ee\/","logo":{"@type":"ImageObject","inLanguage":"ru-RU","@id":"https:\/\/puhkusnuustakul.ee\/#\/schema\/logo\/image\/","url":"https:\/\/puhkusnuustakul.ee\/wp-content\/uploads\/2022\/11\/np-logo.svg","contentUrl":"https:\/\/puhkusnuustakul.ee\/wp-content\/uploads\/2022\/11\/np-logo.svg","width":1,"height":1,"caption":"Nuustaku Puhkemajad"},"image":{"@id":"https:\/\/puhkusnuustakul.ee\/#\/schema\/logo\/image\/"}}]}},"_links":{"self":[{"href":"https:\/\/puhkusnuustakul.ee\/ru\/wp-json\/wp\/v2\/pages\/978","targetHints":{"allow":["GET"]}}],"collection":[{"href":"https:\/\/puhkusnuustakul.ee\/ru\/wp-json\/wp\/v2\/pages"}],"about":[{"href":"https:\/\/puhkusnuustakul.ee\/ru\/wp-json\/wp\/v2\/types\/page"}],"author":[{"embeddable":true,"href":"https:\/\/puhkusnuustakul.ee\/ru\/wp-json\/wp\/v2\/users\/1"}],"replies":[{"embeddable":true,"href":"https:\/\/puhkusnuustakul.ee\/ru\/wp-json\/wp\/v2\/comments?post=978"}],"version-history":[{"count":4,"href":"https:\/\/puhkusnuustakul.ee\/ru\/wp-json\/wp\/v2\/pages\/978\/revisions"}],"predecessor-version":[{"id":1060,"href":"https:\/\/puhkusnuustakul.ee\/ru\/wp-json\/wp\/v2\/pages\/978\/revisions\/1060"}],"wp:attachment":[{"href":"https:\/\/puhkusnuustakul.ee\/ru\/wp-json\/wp\/v2\/media?parent=978"}],"curies":[{"name":"wp","href":"https:\/\/api.w.org\/{rel}","templated":true}]}}