{"id":977,"date":"2019-01-23T15:27:23","date_gmt":"2019-01-23T13:27:23","guid":{"rendered":"https:\/\/puhkusnuustakul.ee\/kontakt\/"},"modified":"2022-12-14T17:01:04","modified_gmt":"2022-12-14T15:01:04","slug":"yhteystiedot","status":"publish","type":"page","link":"https:\/\/puhkusnuustakul.ee\/fi\/yhteystiedot\/","title":{"rendered":"Yhteystiedot"},"content":{"rendered":"<div class=\"wpb-content-wrapper\"><p>[vc_row full_width=&#8221;stretch_row&#8221; css=&#8221;.vc_custom_1670319495111{margin-bottom: 70px !important;background-image: url(https:\/\/puhkusnuustakul.ee\/wp-content\/uploads\/2022\/11\/NZ7_9812_104614.jpg?id=767) !important;background-position: center !important;background-repeat: no-repeat !important;background-size: cover !important;}&#8221;][vc_column css=&#8221;.vc_custom_1668601995579{padding-top: 10vh !important;padding-bottom: 10vh !important;}&#8221;][\/vc_column][\/vc_row][vc_row css=&#8221;.vc_custom_1670319538860{margin-bottom: 40px !important;}&#8221;][vc_column width=&#8221;1\/2&#8243; css=&#8221;.vc_custom_1670319527635{margin-bottom: 30px !important;}&#8221;]<div id='wrap_map_69d2201c9408b' class='ultimate-map-wrapper ult-adjust-bottom-margin ' style=' height:250px;'><div id='map_69d2201c9408b' data-map_override='0' class='ultimate_google_map wpb_content_element 0' style='width:100%;height:250px;'><\/div><\/div><script type='text\/javascript'>\n\t\t\t(function($) {\n  \t\t\t'use strict';\n\t\t\tvar map_map_69d2201c9408b = null;\n\t\t\tvar coordinate_map_69d2201c9408b;\n\t\t\tvar isDraggable = $(document).width() > 641 ? 'true' : 'true';\n\t\t\ttry\n\t\t\t{\n\t\t\t\tvar map_map_69d2201c9408b = null;\n\t\t\t\tvar coordinate_map_69d2201c9408b;\n\t\t\t\tcoordinate_map_69d2201c9408b = new google.maps.LatLng(58.037034352824, 26.50813884134);\n\t\t\t\tvar mapOptions=\n\t\t\t\t{\n\t\t\t\t\tzoom: 13,\n\t\t\t\t\tcenter: coordinate_map_69d2201c9408b,\n\t\t\t\t\tscaleControl: true,\n\t\t\t\t\tstreetViewControl: false,\n\t\t\t\t\tmapTypeControl: false,\n\t\t\t\t\tpanControl: false,\n\t\t\t\t\tzoomControl: true,\n\t\t\t\t\tscrollwheel: true,\n\t\t\t\t\tdraggable: isDraggable,\n\t\t\t\t\tzoomControlOptions: {\n\t\t\t\t\t\tposition: google.maps.ControlPosition.right_bottom\n\t\t\t\t\t},mapTypeId: google.maps.MapTypeId.roadmap,};var map_map_69d2201c9408b = new google.maps.Map(document.getElementById('map_69d2201c9408b'),mapOptions);\n\t\t\t\t\t\tvar x = 'off';\n\t\t\t\t\t\tvar marker_map_69d2201c9408b = new google.maps.Marker({\n\t\t\t\t\t\tposition: new google.maps.LatLng('58.037034352824', '26.50813884134'),\n\t\t\t\t\t\tanimation:  google.maps.Animation.DROP,\n\t\t\t\t\t\tmap: map_map_69d2201c9408b,\n\t\t\t\t\t\ticon: ''\n\t\t\t\t\t});\tgoogle.maps.event.addListener(marker_map_69d2201c9408b, 'click', toggleBounce);}\n\t\t\tcatch(e){};\n\t\t\tjQuery(document).ready(function($){\n\t\t\t\tgoogle.maps.event.trigger(map_map_69d2201c9408b, 'resize');\n\t\t\t\t$(window).on('resize', function(){\n\t\t\t\t\tgoogle.maps.event.trigger(map_map_69d2201c9408b, 'resize');\n\t\t\t\t\tif(map_map_69d2201c9408b!=null)\n\t\t\t\t\t\tmap_map_69d2201c9408b.setCenter(coordinate_map_69d2201c9408b);\n\t\t\t\t});\n\t\t\t\t$('.ui-tabs').on('tabsactivate', function(event, ui) {\n\t\t\t\t   if($(this).find('.ultimate-map-wrapper').length > 0)\n\t\t\t\t\t{\n\t\t\t\t\t\tsetTimeout(function(){\n\t\t\t\t\t\t\t$(window).trigger('resize');\n\t\t\t\t\t\t},200);\n\t\t\t\t\t}\n\t\t\t\t});\n\t\t\t\t$('.ui-accordion').on('accordionactivate', function(event, ui) {\n\t\t\t\t   if($(this).find('.ultimate-map-wrapper').length > 0)\n\t\t\t\t\t{\n\t\t\t\t\t\tsetTimeout(function(){\n\t\t\t\t\t\t\t$(window).trigger('resize');\n\t\t\t\t\t\t},200);\n\t\t\t\t\t}\n\t\t\t\t});\n\t\t\t\t$(window).on('load',function(){\n\t\t\t\t\tsetTimeout(function(){\n\t\t\t\t\t\t$(window).trigger('resize');\n\t\t\t\t\t},200);\n\t\t\t\t});\n\t\t\t\t$('.ult_exp_section').on('select', function(){\n\t\t\t\t\tif($(map_map_69d2201c9408b).parents('.ult_exp_section'))\n\t\t\t\t\t{\n\t\t\t\t\t\tsetTimeout(function(){\n\t\t\t\t\t\t\t$(window).trigger('resize');\n\t\t\t\t\t\t},200);\n\t\t\t\t\t}\n\t\t\t\t});\n\t\t\t\t$(document).on('onUVCModalPopupOpen', function(){\n\t\t\t\t\tif($(map_map_69d2201c9408b).parents('.ult_modal-content'))\n\t\t\t\t\t{\n\t\t\t\t\t\tsetTimeout(function(){\n\t\t\t\t\t\t\t$(window).trigger('resize');\n\t\t\t\t\t\t},200);\n\t\t\t\t\t}\n\t\t\t\t});\n\t\t\t\t$(document).on('click','.ult_tab_li',function(){\n\t\t\t\t\t$(window).trigger('resize');\n\t\t\t\t\tsetTimeout(function(){\n\t\t\t\t\t\t$(window).trigger('resize');\n\t\t\t\t\t},200);\n\t\t\t\t});\n\t\t\t});\n\t\t\tfunction toggleBounce() {\n\t\t\t  if (marker_map_69d2201c9408b.getAnimation() != null) {\n\t\t\t\tmarker_map_69d2201c9408b.setAnimation(null);\n\t\t\t  } else {\n\t\t\t\tmarker_map_69d2201c9408b.setAnimation(google.maps.Animation.BOUNCE);\n\t\t\t  }\n\t\t\t}\n\t\t\t})(jQuery);\n\t\t\t<\/script><div class=\"aio-icon-component  vc_custom_1671029740300  accent-icon-color style_1\"><div id=\"Info-box-wrap-7208\" class=\"aio-icon-box default-icon\" style=\"\"  ><div class=\"aio-icon-default\"><div class=\"ult-just-icon-wrapper  \"><div class=\"align-icon\" style=\"text-align:center;\">\n<div class=\"aio-icon none \"  style=\"color:#333;font-size:20px;display:inline-block;\">\n\t<i class=\"fas fa-map-signs\"><\/i>\n<\/div><\/div><\/div><\/div><div class=\"aio-icon-header\" ><h3 class=\"aio-icon-title ult-responsive\"  data-ultimate-target='#Info-box-wrap-7208 .aio-icon-title'  data-responsive-json-new='{\"font-size\":\"\",\"line-height\":\"\"}'  style=\"\">Sijainti - Valga l\u00e4\u00e4ni, Otep\u00e4\u00e4, N\u00fcpli k\u00fcla<\/h3><\/div> <!-- header --><div class=\"aio-icon-description ult-responsive\"  data-ultimate-target='#Info-box-wrap-7208 .aio-icon-description'  data-responsive-json-new='{\"font-size\":\"\",\"line-height\":\"\"}'  style=\"color:#222222;\"><\/p>\n<p style=\"text-align: center;\"><a href=\"https:\/\/plus.codes\/9GC82GP5+R7\" target=\"_blank\" rel=\"noopener\"><strong>2GP5+R7 N\u00fcpli, Valga County<\/strong><\/a><\/p>\n<p><\/div> <!-- description --><\/div> <!-- aio-icon-box --><\/div> <!-- aio-icon-component -->[vc_column_text]Loma-asuntomme sijaitsevat yhdell\u00e4 Viron kauneimmista paikoista, V\u00e4ike-Munam\u00e4en rinteess\u00e4 vastap\u00e4\u00e4t\u00e4 N\u00fcpli-j\u00e4rve\u00e4. Otep\u00e4\u00e4st\u00e4 tulee ajaa Valgan tiet\u00e4 2 km.[\/vc_column_text][\/vc_column][vc_column width=&#8221;1\/2&#8243; css=&#8221;.vc_custom_1670319524519{margin-bottom: 30px !important;}&#8221;]\n<div class=\"wpcf7 no-js\" id=\"wpcf7-f1046-o1\" lang=\"fi\" dir=\"ltr\" data-wpcf7-id=\"1046\">\n<div class=\"screen-reader-response\"><p role=\"status\" aria-live=\"polite\" aria-atomic=\"true\"><\/p> <ul><\/ul><\/div>\n<form action=\"\/fi\/wp-json\/wp\/v2\/pages\/977#wpcf7-f1046-o1\" method=\"post\" class=\"wpcf7-form init\" aria-label=\"Yhteydenottolomake\" novalidate=\"novalidate\" data-status=\"init\">\n<fieldset class=\"hidden-fields-container\"><input type=\"hidden\" name=\"_wpcf7\" value=\"1046\" \/><input type=\"hidden\" name=\"_wpcf7_version\" value=\"6.1.4\" \/><input type=\"hidden\" name=\"_wpcf7_locale\" value=\"fi\" \/><input type=\"hidden\" name=\"_wpcf7_unit_tag\" value=\"wpcf7-f1046-o1\" \/><input type=\"hidden\" name=\"_wpcf7_container_post\" value=\"0\" \/><input type=\"hidden\" name=\"_wpcf7_posted_data_hash\" value=\"\" \/><input type=\"hidden\" name=\"_wpcf7_recaptcha_response\" value=\"\" \/>\n<\/fieldset>\n<p><label><span class=\"wpcf7-form-control-wrap\" data-name=\"client-name\"><input size=\"40\" maxlength=\"400\" class=\"wpcf7-form-control wpcf7-text wpcf7-validates-as-required\" aria-required=\"true\" aria-invalid=\"false\" placeholder=\"Nimi\" value=\"\" type=\"text\" name=\"client-name\" \/><\/span><\/label><br \/>\n<label><span class=\"wpcf7-form-control-wrap\" data-name=\"client-email\"><input size=\"40\" maxlength=\"400\" class=\"wpcf7-form-control wpcf7-email wpcf7-validates-as-required wpcf7-text wpcf7-validates-as-email\" aria-required=\"true\" aria-invalid=\"false\" placeholder=\"S\u00e4hk\u00f6postiosoite\" value=\"\" type=\"email\" name=\"client-email\" \/><\/span><\/label><br \/>\n\t<lable><span class=\"wpcf7-form-control-wrap\" data-name=\"client-phone\"><input size=\"40\" maxlength=\"400\" class=\"wpcf7-form-control wpcf7-tel wpcf7-text wpcf7-validates-as-tel\" aria-invalid=\"false\" placeholder=\"Puhelin\" value=\"\" type=\"tel\" name=\"client-phone\" \/><\/span>\n<label><span class=\"wpcf7-form-control-wrap\" data-name=\"client-message\"><textarea cols=\"40\" rows=\"7\" maxlength=\"2000\" class=\"wpcf7-form-control wpcf7-textarea wpcf7-validates-as-required\" aria-required=\"true\" aria-invalid=\"false\" placeholder=\"Palaute\/kysymys\" name=\"client-message\"><\/textarea><\/span><\/label>\n<input class=\"wpcf7-form-control wpcf7-submit has-spinner\" type=\"submit\" value=\"L\u00e4hett\u00e4\u00e4\" \/>\n\t<\/lable>\n<\/p><div class=\"wpcf7-response-output\" aria-hidden=\"true\"><\/div>\n<\/form>\n<\/div>\n[\/vc_column][\/vc_row][vc_row full_width=&#8221;stretch_row&#8221; css=&#8221;.vc_custom_1670319543782{margin-bottom: 70px !important;padding-top: 30px !important;padding-bottom: 30px !important;background-color: #75b325 !important;}&#8221;][vc_column]<div id=\"ultimate-heading-311469d2201c9517f\" class=\"uvc-heading ult-adjust-bottom-margin ultimate-heading-311469d2201c9517f uvc-6553 \" data-hspacer=\"no_spacer\"  data-halign=\"center\" style=\"text-align:center\"><div class=\"uvc-heading-spacer no_spacer\" style=\"top\"><\/div><div class=\"uvc-main-heading ult-responsive\"  data-ultimate-target='.uvc-heading.ultimate-heading-311469d2201c9517f h2'  data-responsive-json-new='{\"font-size\":\"desktop:34px;\",\"line-height\":\"desktop:44px;\"}' ><h2 style=\"--font-weight:theme;color:#ffffff;\">O\u00dc Puhkus Nuustakul<\/h2><\/div><\/div>[\/vc_column][\/vc_row][vc_row css=&#8221;.vc_custom_1670319511752{margin-bottom: 60px !important;}&#8221;][vc_column width=&#8221;1\/3&#8243; css=&#8221;.vc_custom_1668679868335{margin-bottom: 30px !important;}&#8221;]<div class=\"aio-icon-component  vc_custom_1671029784659   style_1\"><div id=\"Info-box-wrap-2828\" class=\"aio-icon-box top-icon\" style=\"\"  ><div class=\"aio-icon-top\"><div class=\"ult-just-icon-wrapper  \"><div class=\"align-icon\" style=\"text-align:center;\">\n<div class=\"aio-icon none \"  style=\"color:#333;font-size:42px;display:inline-block;\">\n\t<i class=\"icomoon-the7-font-the7-phone-06\"><\/i>\n<\/div><\/div><\/div><\/div><div class=\"aio-icon-header\" ><h3 class=\"aio-icon-title ult-responsive\"  data-ultimate-target='#Info-box-wrap-2828 .aio-icon-title'  data-responsive-json-new='{\"font-size\":\"\",\"line-height\":\"\"}'  style=\"\">Soita meille<\/h3><\/div> <!-- header --><div class=\"aio-icon-description ult-responsive\"  data-ultimate-target='#Info-box-wrap-2828 .aio-icon-description'  data-responsive-json-new='{\"font-size\":\"\",\"line-height\":\"\"}'  style=\"color:#222222;\"><a href=\"tel:+3725098584\">+372 509 8584<\/a><\/div> <!-- description --><\/div> <!-- aio-icon-box --><\/div> <!-- aio-icon-component -->[\/vc_column][vc_column width=&#8221;1\/3&#8243; css=&#8221;.vc_custom_1668681408988{margin-bottom: 30px !important;}&#8221;]<div class=\"aio-icon-component  vc_custom_1671029797498   style_1\"><div id=\"Info-box-wrap-7060\" class=\"aio-icon-box top-icon\" style=\"\"  ><div class=\"aio-icon-top\"><div class=\"ult-just-icon-wrapper  \"><div class=\"align-icon\" style=\"text-align:center;\">\n<div class=\"aio-icon none \"  style=\"color:#333;font-size:42px;display:inline-block;\">\n\t<i class=\"icomoon-the7-font-the7-mail-07\"><\/i>\n<\/div><\/div><\/div><\/div><div class=\"aio-icon-header\" ><h3 class=\"aio-icon-title ult-responsive\"  data-ultimate-target='#Info-box-wrap-7060 .aio-icon-title'  data-responsive-json-new='{\"font-size\":\"\",\"line-height\":\"\"}'  style=\"\">L\u00e4het\u00e4 s\u00e4hk\u00f6posti<\/h3><\/div> <!-- header --><div class=\"aio-icon-description ult-responsive\"  data-ultimate-target='#Info-box-wrap-7060 .aio-icon-description'  data-responsive-json-new='{\"font-size\":\"\",\"line-height\":\"\"}'  style=\"color:#222222;\"><a href=\"mailto:info@puhkusnuustakul.ee\">info@puhkusnuustakul.ee<\/a><\/div> <!-- description --><\/div> <!-- aio-icon-box --><\/div> <!-- aio-icon-component -->[\/vc_column][vc_column width=&#8221;1\/3&#8243; css=&#8221;.vc_custom_1670319506925{margin-bottom: 30px !important;}&#8221;][vc_column_text]<\/p>\n<p style=\"text-align: center;\"><strong>Rek. numero<\/strong>: 11118443<\/p>\n<p style=\"text-align: center;\"><strong>IBAN<\/strong>: EE241010220043911010<\/p>\n<p style=\"text-align: center;\"><strong>Pankki<\/strong>: SEB Eesti \u00dchispank<\/p>\n<p style=\"text-align: center;\"><strong>BIC (S.W.I.F.T.)<\/strong>: EEUHEE2X<\/p>\n<p>[\/vc_column_text][\/vc_column][\/vc_row]<\/p>\n<\/div>","protected":false},"excerpt":{"rendered":"<p>[vc_row full_width=&#8221;stretch_row&#8221; css=&#8221;.vc_custom_1670319495111{margin-bottom: 70px !important;background-image: url(https:\/\/puhkusnuustakul.ee\/wp-content\/uploads\/2022\/11\/NZ7_9812_104614.jpg?id=767) !important;background-position: center !important;background-repeat: no-repeat !important;background-size: cover !important;}&#8221;][vc_column css=&#8221;.vc_custom_1668601995579{padding-top: 10vh !important;padding-bottom: 10vh !important;}&#8221;][\/vc_column][\/vc_row][vc_row css=&#8221;.vc_custom_1670319538860{margin-bottom: 40px !important;}&#8221;][vc_column width=&#8221;1\/2&#8243; css=&#8221;.vc_custom_1670319527635{margin-bottom: 30px !important;}&#8221;][vc_column_text]Loma-asuntomme sijaitsevat yhdell\u00e4 Viron kauneimmista paikoista, V\u00e4ike-Munam\u00e4en rinteess\u00e4 vastap\u00e4\u00e4t\u00e4 N\u00fcpli-j\u00e4rve\u00e4. Otep\u00e4\u00e4st\u00e4 tulee ajaa Valgan tiet\u00e4 2 km.[\/vc_column_text][\/vc_column][vc_column width=&#8221;1\/2&#8243; css=&#8221;.vc_custom_1670319524519{margin-bottom: 30px !important;}&#8221;][\/vc_column][\/vc_row][vc_row full_width=&#8221;stretch_row&#8221; css=&#8221;.vc_custom_1670319543782{margin-bottom: 70px !important;padding-top: 30px !important;padding-bottom: 30px !important;background-color: #75b325 !important;}&#8221;][vc_column][\/vc_column][\/vc_row][vc_row&hellip;<\/p>\n","protected":false},"author":1,"featured_media":0,"parent":0,"menu_order":21,"comment_status":"closed","ping_status":"closed","template":"","meta":{"footnotes":""},"class_list":["post-977","page","type-page","status-publish","hentry","description-off"],"yoast_head":"<!-- This site is optimized with the Yoast SEO plugin v26.8 - https:\/\/yoast.com\/product\/yoast-seo-wordpress\/ -->\n<title>Yhteystiedot - Nuustaku Puhkemajad<\/title>\n<meta name=\"robots\" content=\"index, follow, max-snippet:-1, max-image-preview:large, max-video-preview:-1\" \/>\n<link rel=\"canonical\" href=\"https:\/\/puhkusnuustakul.ee\/fi\/yhteystiedot\/\" \/>\n<meta property=\"og:locale\" content=\"fi_FI\" \/>\n<meta property=\"og:type\" content=\"article\" \/>\n<meta property=\"og:title\" content=\"Yhteystiedot - Nuustaku Puhkemajad\" \/>\n<meta property=\"og:description\" content=\"[vc_row full_width=&#8221;stretch_row&#8221; css=&#8221;.vc_custom_1670319495111{margin-bottom: 70px !important;background-image: url(https:\/\/puhkusnuustakul.ee\/wp-content\/uploads\/2022\/11\/NZ7_9812_104614.jpg?id=767) !important;background-position: center !important;background-repeat: no-repeat !important;background-size: cover !important;}&#8221;][vc_column css=&#8221;.vc_custom_1668601995579{padding-top: 10vh !important;padding-bottom: 10vh !important;}&#8221;][\/vc_column][\/vc_row][vc_row css=&#8221;.vc_custom_1670319538860{margin-bottom: 40px !important;}&#8221;][vc_column width=&#8221;1\/2&#8243; css=&#8221;.vc_custom_1670319527635{margin-bottom: 30px !important;}&#8221;][vc_column_text]Loma-asuntomme sijaitsevat yhdell\u00e4 Viron kauneimmista paikoista, V\u00e4ike-Munam\u00e4en rinteess\u00e4 vastap\u00e4\u00e4t\u00e4 N\u00fcpli-j\u00e4rve\u00e4. Otep\u00e4\u00e4st\u00e4 tulee ajaa Valgan tiet\u00e4 2 km.[\/vc_column_text][\/vc_column][vc_column width=&#8221;1\/2&#8243; css=&#8221;.vc_custom_1670319524519{margin-bottom: 30px !important;}&#8221;][\/vc_column][\/vc_row][vc_row full_width=&#8221;stretch_row&#8221; css=&#8221;.vc_custom_1670319543782{margin-bottom: 70px !important;padding-top: 30px !important;padding-bottom: 30px !important;background-color: #75b325 !important;}&#8221;][vc_column][\/vc_column][\/vc_row][vc_row&hellip;\" \/>\n<meta property=\"og:url\" content=\"https:\/\/puhkusnuustakul.ee\/fi\/yhteystiedot\/\" \/>\n<meta property=\"og:site_name\" content=\"Nuustaku Puhkemajad\" \/>\n<meta property=\"article:modified_time\" content=\"2022-12-14T15:01:04+00:00\" \/>\n<meta property=\"og:image\" content=\"https:\/\/puhkusnuustakul.ee\/wp-content\/uploads\/2022\/11\/NZ7_9640.jpg\" \/>\n\t<meta property=\"og:image:width\" content=\"1732\" \/>\n\t<meta property=\"og:image:height\" content=\"1154\" \/>\n\t<meta property=\"og:image:type\" content=\"image\/jpeg\" \/>\n<meta name=\"twitter:card\" content=\"summary_large_image\" \/>\n<meta name=\"twitter:label1\" content=\"Arvioitu lukuaika\" \/>\n\t<meta name=\"twitter:data1\" content=\"2 minuuttia\" \/>\n<script type=\"application\/ld+json\" class=\"yoast-schema-graph\">{\"@context\":\"https:\/\/schema.org\",\"@graph\":[{\"@type\":\"WebPage\",\"@id\":\"https:\/\/puhkusnuustakul.ee\/fi\/yhteystiedot\/\",\"url\":\"https:\/\/puhkusnuustakul.ee\/fi\/yhteystiedot\/\",\"name\":\"Yhteystiedot - Nuustaku Puhkemajad\",\"isPartOf\":{\"@id\":\"https:\/\/puhkusnuustakul.ee\/#website\"},\"datePublished\":\"2019-01-23T13:27:23+00:00\",\"dateModified\":\"2022-12-14T15:01:04+00:00\",\"breadcrumb\":{\"@id\":\"https:\/\/puhkusnuustakul.ee\/fi\/yhteystiedot\/#breadcrumb\"},\"inLanguage\":\"fi\",\"potentialAction\":[{\"@type\":\"ReadAction\",\"target\":[\"https:\/\/puhkusnuustakul.ee\/fi\/yhteystiedot\/\"]}]},{\"@type\":\"BreadcrumbList\",\"@id\":\"https:\/\/puhkusnuustakul.ee\/fi\/yhteystiedot\/#breadcrumb\",\"itemListElement\":[{\"@type\":\"ListItem\",\"position\":1,\"name\":\"Home\",\"item\":\"https:\/\/puhkusnuustakul.ee\/fi\/\"},{\"@type\":\"ListItem\",\"position\":2,\"name\":\"Yhteystiedot\"}]},{\"@type\":\"WebSite\",\"@id\":\"https:\/\/puhkusnuustakul.ee\/#website\",\"url\":\"https:\/\/puhkusnuustakul.ee\/\",\"name\":\"Nuustaku Puhkemajad\",\"description\":\"\",\"publisher\":{\"@id\":\"https:\/\/puhkusnuustakul.ee\/#organization\"},\"potentialAction\":[{\"@type\":\"SearchAction\",\"target\":{\"@type\":\"EntryPoint\",\"urlTemplate\":\"https:\/\/puhkusnuustakul.ee\/?s={search_term_string}\"},\"query-input\":{\"@type\":\"PropertyValueSpecification\",\"valueRequired\":true,\"valueName\":\"search_term_string\"}}],\"inLanguage\":\"fi\"},{\"@type\":\"Organization\",\"@id\":\"https:\/\/puhkusnuustakul.ee\/#organization\",\"name\":\"Nuustaku Puhkemajad\",\"url\":\"https:\/\/puhkusnuustakul.ee\/\",\"logo\":{\"@type\":\"ImageObject\",\"inLanguage\":\"fi\",\"@id\":\"https:\/\/puhkusnuustakul.ee\/#\/schema\/logo\/image\/\",\"url\":\"https:\/\/puhkusnuustakul.ee\/wp-content\/uploads\/2022\/11\/np-logo.svg\",\"contentUrl\":\"https:\/\/puhkusnuustakul.ee\/wp-content\/uploads\/2022\/11\/np-logo.svg\",\"width\":1,\"height\":1,\"caption\":\"Nuustaku Puhkemajad\"},\"image\":{\"@id\":\"https:\/\/puhkusnuustakul.ee\/#\/schema\/logo\/image\/\"}}]}<\/script>\n<!-- \/ Yoast SEO plugin. -->","yoast_head_json":{"title":"Yhteystiedot - Nuustaku Puhkemajad","robots":{"index":"index","follow":"follow","max-snippet":"max-snippet:-1","max-image-preview":"max-image-preview:large","max-video-preview":"max-video-preview:-1"},"canonical":"https:\/\/puhkusnuustakul.ee\/fi\/yhteystiedot\/","og_locale":"fi_FI","og_type":"article","og_title":"Yhteystiedot - Nuustaku Puhkemajad","og_description":"[vc_row full_width=&#8221;stretch_row&#8221; css=&#8221;.vc_custom_1670319495111{margin-bottom: 70px !important;background-image: url(https:\/\/puhkusnuustakul.ee\/wp-content\/uploads\/2022\/11\/NZ7_9812_104614.jpg?id=767) !important;background-position: center !important;background-repeat: no-repeat !important;background-size: cover !important;}&#8221;][vc_column css=&#8221;.vc_custom_1668601995579{padding-top: 10vh !important;padding-bottom: 10vh !important;}&#8221;][\/vc_column][\/vc_row][vc_row css=&#8221;.vc_custom_1670319538860{margin-bottom: 40px !important;}&#8221;][vc_column width=&#8221;1\/2&#8243; css=&#8221;.vc_custom_1670319527635{margin-bottom: 30px !important;}&#8221;][vc_column_text]Loma-asuntomme sijaitsevat yhdell\u00e4 Viron kauneimmista paikoista, V\u00e4ike-Munam\u00e4en rinteess\u00e4 vastap\u00e4\u00e4t\u00e4 N\u00fcpli-j\u00e4rve\u00e4. Otep\u00e4\u00e4st\u00e4 tulee ajaa Valgan tiet\u00e4 2 km.[\/vc_column_text][\/vc_column][vc_column width=&#8221;1\/2&#8243; css=&#8221;.vc_custom_1670319524519{margin-bottom: 30px !important;}&#8221;][\/vc_column][\/vc_row][vc_row full_width=&#8221;stretch_row&#8221; css=&#8221;.vc_custom_1670319543782{margin-bottom: 70px !important;padding-top: 30px !important;padding-bottom: 30px !important;background-color: #75b325 !important;}&#8221;][vc_column][\/vc_column][\/vc_row][vc_row&hellip;","og_url":"https:\/\/puhkusnuustakul.ee\/fi\/yhteystiedot\/","og_site_name":"Nuustaku Puhkemajad","article_modified_time":"2022-12-14T15:01:04+00:00","og_image":[{"width":1732,"height":1154,"url":"https:\/\/puhkusnuustakul.ee\/wp-content\/uploads\/2022\/11\/NZ7_9640.jpg","type":"image\/jpeg"}],"twitter_card":"summary_large_image","twitter_misc":{"Arvioitu lukuaika":"2 minuuttia"},"schema":{"@context":"https:\/\/schema.org","@graph":[{"@type":"WebPage","@id":"https:\/\/puhkusnuustakul.ee\/fi\/yhteystiedot\/","url":"https:\/\/puhkusnuustakul.ee\/fi\/yhteystiedot\/","name":"Yhteystiedot - Nuustaku Puhkemajad","isPartOf":{"@id":"https:\/\/puhkusnuustakul.ee\/#website"},"datePublished":"2019-01-23T13:27:23+00:00","dateModified":"2022-12-14T15:01:04+00:00","breadcrumb":{"@id":"https:\/\/puhkusnuustakul.ee\/fi\/yhteystiedot\/#breadcrumb"},"inLanguage":"fi","potentialAction":[{"@type":"ReadAction","target":["https:\/\/puhkusnuustakul.ee\/fi\/yhteystiedot\/"]}]},{"@type":"BreadcrumbList","@id":"https:\/\/puhkusnuustakul.ee\/fi\/yhteystiedot\/#breadcrumb","itemListElement":[{"@type":"ListItem","position":1,"name":"Home","item":"https:\/\/puhkusnuustakul.ee\/fi\/"},{"@type":"ListItem","position":2,"name":"Yhteystiedot"}]},{"@type":"WebSite","@id":"https:\/\/puhkusnuustakul.ee\/#website","url":"https:\/\/puhkusnuustakul.ee\/","name":"Nuustaku Puhkemajad","description":"","publisher":{"@id":"https:\/\/puhkusnuustakul.ee\/#organization"},"potentialAction":[{"@type":"SearchAction","target":{"@type":"EntryPoint","urlTemplate":"https:\/\/puhkusnuustakul.ee\/?s={search_term_string}"},"query-input":{"@type":"PropertyValueSpecification","valueRequired":true,"valueName":"search_term_string"}}],"inLanguage":"fi"},{"@type":"Organization","@id":"https:\/\/puhkusnuustakul.ee\/#organization","name":"Nuustaku Puhkemajad","url":"https:\/\/puhkusnuustakul.ee\/","logo":{"@type":"ImageObject","inLanguage":"fi","@id":"https:\/\/puhkusnuustakul.ee\/#\/schema\/logo\/image\/","url":"https:\/\/puhkusnuustakul.ee\/wp-content\/uploads\/2022\/11\/np-logo.svg","contentUrl":"https:\/\/puhkusnuustakul.ee\/wp-content\/uploads\/2022\/11\/np-logo.svg","width":1,"height":1,"caption":"Nuustaku Puhkemajad"},"image":{"@id":"https:\/\/puhkusnuustakul.ee\/#\/schema\/logo\/image\/"}}]}},"_links":{"self":[{"href":"https:\/\/puhkusnuustakul.ee\/fi\/wp-json\/wp\/v2\/pages\/977","targetHints":{"allow":["GET"]}}],"collection":[{"href":"https:\/\/puhkusnuustakul.ee\/fi\/wp-json\/wp\/v2\/pages"}],"about":[{"href":"https:\/\/puhkusnuustakul.ee\/fi\/wp-json\/wp\/v2\/types\/page"}],"author":[{"embeddable":true,"href":"https:\/\/puhkusnuustakul.ee\/fi\/wp-json\/wp\/v2\/users\/1"}],"replies":[{"embeddable":true,"href":"https:\/\/puhkusnuustakul.ee\/fi\/wp-json\/wp\/v2\/comments?post=977"}],"version-history":[{"count":4,"href":"https:\/\/puhkusnuustakul.ee\/fi\/wp-json\/wp\/v2\/pages\/977\/revisions"}],"predecessor-version":[{"id":1047,"href":"https:\/\/puhkusnuustakul.ee\/fi\/wp-json\/wp\/v2\/pages\/977\/revisions\/1047"}],"wp:attachment":[{"href":"https:\/\/puhkusnuustakul.ee\/fi\/wp-json\/wp\/v2\/media?parent=977"}],"curies":[{"name":"wp","href":"https:\/\/api.w.org\/{rel}","templated":true}]}}